{"id":6095,"date":"2023-03-03T14:59:58","date_gmt":"2023-03-03T17:59:58","guid":{"rendered":"https:\/\/santacasacuritiba.com.br\/eventos\/?post_type=product&#038;p=6095"},"modified":"2023-05-10T14:05:19","modified_gmt":"2023-05-10T17:05:19","slug":"ingresso-individual-jantar-de-comemoracao-ao-aniversario-de-143-anos-santa-casa-de-curitiba","status":"publish","type":"product","link":"https:\/\/santacasacuritiba.com.br\/eventos\/produto\/ingresso-individual-jantar-de-comemoracao-ao-aniversario-de-143-anos-santa-casa-de-curitiba\/","title":{"rendered":"Ingresso Individual &#8211; Jantar de Comemora\u00e7\u00e3o ao Anivers\u00e1rio de 143 Anos &#8211; Santa Casa de Curitiba"},"content":{"rendered":"<p>Em 2023, o Hospital Santa Casa de Curitiba celebra 143 anos de exist\u00eancia como institui\u00e7\u00e3o de grande renome e um orgulho aos paranaenses. Para deixar essa celebra\u00e7\u00e3o ainda mais especial, o hospital realiza pela primeira vez no pr\u00f3ximo 11 de maio (quinta-feira), o Jantar de Anivers\u00e1rio para comemorar mais de 14 d\u00e9cadas cuidando de vidas e desenvolvendo pessoas. O evento acontece a partir das 19h no Clube Curitibano e o p\u00fablico contar\u00e1 com atra\u00e7\u00f5es musicais e um delicioso card\u00e1pio.<\/p>\n<h5>Data :<\/h5>\n<p>11\/05\/2023<\/p>\n<h5>Localiza\u00e7\u00e3o:<\/h5>\n<p><iframe style=\"border: 0;\" src=\"https:\/\/www.google.com\/maps\/embed?pb=!1m18!1m12!1m3!1d3602.6112889116334!2d-49.288629684985345!3d-25.451255983778605!2m3!1f0!2f0!3f0!3m2!1i1024!2i768!4f13.1!3m3!1m2!1s0x94dce380cd453d11%3A0xf73d4ae51eee6741!2sClube%20Curitibano!5e0!3m2!1spt-BR!2sbr!4v1677835750545!5m2!1spt-BR!2sbr\" width=\"400\" height=\"300\" allowfullscreen=\"allowfullscreen\"><\/iframe><\/p>\n","protected":false},"excerpt":{"rendered":"<p>Para celebrar 143 anos, Santa Casa de Curitiba realiza jantar beneficente no Clube Curitibano.<\/p>\n","protected":false},"featured_media":6056,"template":"","meta":{"site-sidebar-layout":"default","site-content-layout":"default","ast-site-content-layout":"default","site-content-style":"default","site-sidebar-style":"default","ast-global-header-display":"","ast-banner-title-visibility":"","ast-main-header-display":"","ast-hfb-above-header-display":"","ast-hfb-below-header-display":"","ast-hfb-mobile-header-display":"","site-post-title":"","ast-breadcrumbs-content":"","ast-featured-img":"","footer-sml-layout":"","theme-transparent-header-meta":"default","adv-header-id-meta":"","stick-header-meta":"","header-above-stick-meta":"","header-main-stick-meta":"","header-below-stick-meta":"","astra-migrate-meta-layouts":"default","ast-page-background-enabled":"default","ast-page-background-meta":{"desktop":{"background-color":"","background-image":"","background-repeat":"repeat","background-position":"center center","background-size":"auto","background-attachment":"scroll","background-type":"","background-media":"","overlay-type":"","overlay-color":"","overlay-opacity":"","overlay-gradient":""},"tablet":{"background-color":"","background-image":"","background-repeat":"repeat","background-position":"center center","background-size":"auto","background-attachment":"scroll","background-type":"","background-media":"","overlay-type":"","overlay-color":"","overlay-opacity":"","overlay-gradient":""},"mobile":{"background-color":"","background-image":"","background-repeat":"repeat","background-position":"center center","background-size":"auto","background-attachment":"scroll","background-type":"","background-media":"","overlay-type":"","overlay-color":"","overlay-opacity":"","overlay-gradient":""}},"ast-content-background-meta":{"desktop":{"background-color":"var(--ast-global-color-5)","background-image":"","background-repeat":"repeat","background-position":"center center","background-size":"auto","background-attachment":"scroll","background-type":"","background-media":"","overlay-type":"","overlay-color":"","overlay-opacity":"","overlay-gradient":""},"tablet":{"background-color":"var(--ast-global-color-5)","background-image":"","background-repeat":"repeat","background-position":"center center","background-size":"auto","background-attachment":"scroll","background-type":"","background-media":"","overlay-type":"","overlay-color":"","overlay-opacity":"","overlay-gradient":""},"mobile":{"background-color":"var(--ast-global-color-5)","background-image":"","background-repeat":"repeat","background-position":"center center","background-size":"auto","background-attachment":"scroll","background-type":"","background-media":"","overlay-type":"","overlay-color":"","overlay-opacity":"","overlay-gradient":""}}},"product_brand":[],"product_cat":[79],"product_tag":[],"class_list":{"0":"post-6095","1":"product","2":"type-product","3":"status-publish","4":"has-post-thumbnail","6":"product_cat-comemoracao-ao-aniversario-da-santa-casa-de-curitiba","7":"desktop-align-left","8":"tablet-align-left","9":"mobile-align-left","11":"first","12":"outofstock","13":"featured","14":"virtual","15":"purchasable","16":"product-type-simple"},"yoast_head":"<!-- This site is optimized with the Yoast SEO plugin v25.4 - https:\/\/yoast.com\/wordpress\/plugins\/seo\/ -->\n<title>Ingresso Individual - Jantar de Comemora\u00e7\u00e3o ao Anivers\u00e1rio de 143 Anos - Santa Casa de Curitiba - Eventos Santa Casa de Curitiba<\/title>\n<meta name=\"description\" content=\"Em 2023, o Hospital Santa Casa de Curitiba celebra 143 anos de exist\u00eancia como institui\u00e7\u00e3o de grande renome e um orgulho aos paranaenses.\" \/>\n<meta name=\"robots\" content=\"index, follow, max-snippet:-1, max-image-preview:large, max-video-preview:-1\" \/>\n<link rel=\"canonical\" href=\"https:\/\/santacasacuritiba.com.br\/eventos\/produto\/ingresso-individual-jantar-de-comemoracao-ao-aniversario-de-143-anos-santa-casa-de-curitiba\/\" \/>\n<meta property=\"og:locale\" content=\"pt_BR\" \/>\n<meta property=\"og:type\" content=\"article\" \/>\n<meta property=\"og:title\" content=\"Ingresso Individual - Jantar de Comemora\u00e7\u00e3o ao Anivers\u00e1rio de 143 Anos - Santa Casa de Curitiba - Eventos Santa Casa de Curitiba\" \/>\n<meta property=\"og:description\" content=\"Em 2023, o Hospital Santa Casa de Curitiba celebra 143 anos de exist\u00eancia como institui\u00e7\u00e3o de grande renome e um orgulho aos paranaenses.\" \/>\n<meta property=\"og:url\" content=\"https:\/\/santacasacuritiba.com.br\/eventos\/produto\/ingresso-individual-jantar-de-comemoracao-ao-aniversario-de-143-anos-santa-casa-de-curitiba\/\" \/>\n<meta property=\"og:site_name\" content=\"Eventos Santa Casa de Curitiba\" \/>\n<meta property=\"article:publisher\" content=\"https:\/\/www.facebook.com\/SantaCasaCuritiba\/\" \/>\n<meta property=\"article:modified_time\" content=\"2023-05-10T17:05:19+00:00\" \/>\n<meta property=\"og:image\" content=\"https:\/\/santacasacuritiba.com.br\/eventos\/wp-content\/uploads\/2023\/03\/Capa-Eventos-143-anos-III.png\" \/>\n\t<meta property=\"og:image:width\" content=\"4006\" \/>\n\t<meta property=\"og:image:height\" content=\"3008\" \/>\n\t<meta property=\"og:image:type\" content=\"image\/png\" \/>\n<meta name=\"twitter:card\" content=\"summary_large_image\" \/>\n<meta name=\"twitter:label1\" content=\"Est. tempo de leitura\" \/>\n\t<meta name=\"twitter:data1\" content=\"1 minuto\" \/>\n<script type=\"application\/ld+json\" class=\"yoast-schema-graph\">{\"@context\":\"https:\/\/schema.org\",\"@graph\":[{\"@type\":\"WebPage\",\"@id\":\"https:\/\/santacasacuritiba.com.br\/eventos\/produto\/ingresso-individual-jantar-de-comemoracao-ao-aniversario-de-143-anos-santa-casa-de-curitiba\/\",\"url\":\"https:\/\/santacasacuritiba.com.br\/eventos\/produto\/ingresso-individual-jantar-de-comemoracao-ao-aniversario-de-143-anos-santa-casa-de-curitiba\/\",\"name\":\"Ingresso Individual - Jantar de Comemora\u00e7\u00e3o ao Anivers\u00e1rio de 143 Anos - Santa Casa de Curitiba - Eventos Santa Casa de Curitiba\",\"isPartOf\":{\"@id\":\"https:\/\/santacasacuritiba.com.br\/eventos\/#website\"},\"primaryImageOfPage\":{\"@id\":\"https:\/\/santacasacuritiba.com.br\/eventos\/produto\/ingresso-individual-jantar-de-comemoracao-ao-aniversario-de-143-anos-santa-casa-de-curitiba\/#primaryimage\"},\"image\":{\"@id\":\"https:\/\/santacasacuritiba.com.br\/eventos\/produto\/ingresso-individual-jantar-de-comemoracao-ao-aniversario-de-143-anos-santa-casa-de-curitiba\/#primaryimage\"},\"thumbnailUrl\":\"https:\/\/santacasacuritiba.com.br\/eventos\/wp-content\/uploads\/2023\/03\/Capa-Eventos-143-anos-III.png\",\"datePublished\":\"2023-03-03T17:59:58+00:00\",\"dateModified\":\"2023-05-10T17:05:19+00:00\",\"description\":\"Em 2023, o Hospital Santa Casa de Curitiba celebra 143 anos de exist\u00eancia como institui\u00e7\u00e3o de grande renome e um orgulho aos paranaenses.\",\"breadcrumb\":{\"@id\":\"https:\/\/santacasacuritiba.com.br\/eventos\/produto\/ingresso-individual-jantar-de-comemoracao-ao-aniversario-de-143-anos-santa-casa-de-curitiba\/#breadcrumb\"},\"inLanguage\":\"pt-BR\",\"potentialAction\":[{\"@type\":\"ReadAction\",\"target\":[\"https:\/\/santacasacuritiba.com.br\/eventos\/produto\/ingresso-individual-jantar-de-comemoracao-ao-aniversario-de-143-anos-santa-casa-de-curitiba\/\"]}]},{\"@type\":\"ImageObject\",\"inLanguage\":\"pt-BR\",\"@id\":\"https:\/\/santacasacuritiba.com.br\/eventos\/produto\/ingresso-individual-jantar-de-comemoracao-ao-aniversario-de-143-anos-santa-casa-de-curitiba\/#primaryimage\",\"url\":\"https:\/\/santacasacuritiba.com.br\/eventos\/wp-content\/uploads\/2023\/03\/Capa-Eventos-143-anos-III.png\",\"contentUrl\":\"https:\/\/santacasacuritiba.com.br\/eventos\/wp-content\/uploads\/2023\/03\/Capa-Eventos-143-anos-III.png\",\"width\":4006,\"height\":3008},{\"@type\":\"BreadcrumbList\",\"@id\":\"https:\/\/santacasacuritiba.com.br\/eventos\/produto\/ingresso-individual-jantar-de-comemoracao-ao-aniversario-de-143-anos-santa-casa-de-curitiba\/#breadcrumb\",\"itemListElement\":[{\"@type\":\"ListItem\",\"position\":1,\"name\":\"In\u00edcio\",\"item\":\"https:\/\/santacasacuritiba.com.br\/eventos\/\"},{\"@type\":\"ListItem\",\"position\":2,\"name\":\"Loja\",\"item\":\"https:\/\/santacasacuritiba.com.br\/eventos\/loja\/\"},{\"@type\":\"ListItem\",\"position\":3,\"name\":\"Ingresso Individual &#8211; Jantar de Comemora\u00e7\u00e3o ao Anivers\u00e1rio de 143 Anos &#8211; Santa Casa de Curitiba\"}]},{\"@type\":\"WebSite\",\"@id\":\"https:\/\/santacasacuritiba.com.br\/eventos\/#website\",\"url\":\"https:\/\/santacasacuritiba.com.br\/eventos\/\",\"name\":\"Eventos Santa Casa de Curitiba\",\"description\":\"Apoie a nossa causa!\",\"publisher\":{\"@id\":\"https:\/\/santacasacuritiba.com.br\/eventos\/#organization\"},\"potentialAction\":[{\"@type\":\"SearchAction\",\"target\":{\"@type\":\"EntryPoint\",\"urlTemplate\":\"https:\/\/santacasacuritiba.com.br\/eventos\/?s={search_term_string}\"},\"query-input\":{\"@type\":\"PropertyValueSpecification\",\"valueRequired\":true,\"valueName\":\"search_term_string\"}}],\"inLanguage\":\"pt-BR\"},{\"@type\":\"Organization\",\"@id\":\"https:\/\/santacasacuritiba.com.br\/eventos\/#organization\",\"name\":\"Eventos Santa Casa de Curitiba\",\"url\":\"https:\/\/santacasacuritiba.com.br\/eventos\/\",\"logo\":{\"@type\":\"ImageObject\",\"inLanguage\":\"pt-BR\",\"@id\":\"https:\/\/santacasacuritiba.com.br\/eventos\/#\/schema\/logo\/image\/\",\"url\":\"https:\/\/santacasacuritiba.com.br\/eventos\/wp-content\/uploads\/2022\/10\/Logo-143-Preto.png\",\"contentUrl\":\"https:\/\/santacasacuritiba.com.br\/eventos\/wp-content\/uploads\/2022\/10\/Logo-143-Preto.png\",\"width\":298,\"height\":152,\"caption\":\"Eventos Santa Casa de Curitiba\"},\"image\":{\"@id\":\"https:\/\/santacasacuritiba.com.br\/eventos\/#\/schema\/logo\/image\/\"},\"sameAs\":[\"https:\/\/www.facebook.com\/SantaCasaCuritiba\/\",\"https:\/\/www.instagram.com\/santacasacuritiba\/\",\"https:\/\/goo.gl\/maps\/k8vQjabm9Jo6Vm1P7\",\"https:\/\/www.youtube.com\/channel\/UCwtQ6ktPs8KYim_LGtx9lBA\"]}]}<\/script>\n<!-- \/ Yoast SEO plugin. -->","yoast_head_json":{"title":"Ingresso Individual - Jantar de Comemora\u00e7\u00e3o ao Anivers\u00e1rio de 143 Anos - Santa Casa de Curitiba - Eventos Santa Casa de Curitiba","description":"Em 2023, o Hospital Santa Casa de Curitiba celebra 143 anos de exist\u00eancia como institui\u00e7\u00e3o de grande renome e um orgulho aos paranaenses.","robots":{"index":"index","follow":"follow","max-snippet":"max-snippet:-1","max-image-preview":"max-image-preview:large","max-video-preview":"max-video-preview:-1"},"canonical":"https:\/\/santacasacuritiba.com.br\/eventos\/produto\/ingresso-individual-jantar-de-comemoracao-ao-aniversario-de-143-anos-santa-casa-de-curitiba\/","og_locale":"pt_BR","og_type":"article","og_title":"Ingresso Individual - Jantar de Comemora\u00e7\u00e3o ao Anivers\u00e1rio de 143 Anos - Santa Casa de Curitiba - Eventos Santa Casa de Curitiba","og_description":"Em 2023, o Hospital Santa Casa de Curitiba celebra 143 anos de exist\u00eancia como institui\u00e7\u00e3o de grande renome e um orgulho aos paranaenses.","og_url":"https:\/\/santacasacuritiba.com.br\/eventos\/produto\/ingresso-individual-jantar-de-comemoracao-ao-aniversario-de-143-anos-santa-casa-de-curitiba\/","og_site_name":"Eventos Santa Casa de Curitiba","article_publisher":"https:\/\/www.facebook.com\/SantaCasaCuritiba\/","article_modified_time":"2023-05-10T17:05:19+00:00","og_image":[{"width":4006,"height":3008,"url":"https:\/\/santacasacuritiba.com.br\/eventos\/wp-content\/uploads\/2023\/03\/Capa-Eventos-143-anos-III.png","type":"image\/png"}],"twitter_card":"summary_large_image","twitter_misc":{"Est. tempo de leitura":"1 minuto"},"schema":{"@context":"https:\/\/schema.org","@graph":[{"@type":"WebPage","@id":"https:\/\/santacasacuritiba.com.br\/eventos\/produto\/ingresso-individual-jantar-de-comemoracao-ao-aniversario-de-143-anos-santa-casa-de-curitiba\/","url":"https:\/\/santacasacuritiba.com.br\/eventos\/produto\/ingresso-individual-jantar-de-comemoracao-ao-aniversario-de-143-anos-santa-casa-de-curitiba\/","name":"Ingresso Individual - Jantar de Comemora\u00e7\u00e3o ao Anivers\u00e1rio de 143 Anos - Santa Casa de Curitiba - Eventos Santa Casa de Curitiba","isPartOf":{"@id":"https:\/\/santacasacuritiba.com.br\/eventos\/#website"},"primaryImageOfPage":{"@id":"https:\/\/santacasacuritiba.com.br\/eventos\/produto\/ingresso-individual-jantar-de-comemoracao-ao-aniversario-de-143-anos-santa-casa-de-curitiba\/#primaryimage"},"image":{"@id":"https:\/\/santacasacuritiba.com.br\/eventos\/produto\/ingresso-individual-jantar-de-comemoracao-ao-aniversario-de-143-anos-santa-casa-de-curitiba\/#primaryimage"},"thumbnailUrl":"https:\/\/santacasacuritiba.com.br\/eventos\/wp-content\/uploads\/2023\/03\/Capa-Eventos-143-anos-III.png","datePublished":"2023-03-03T17:59:58+00:00","dateModified":"2023-05-10T17:05:19+00:00","description":"Em 2023, o Hospital Santa Casa de Curitiba celebra 143 anos de exist\u00eancia como institui\u00e7\u00e3o de grande renome e um orgulho aos paranaenses.","breadcrumb":{"@id":"https:\/\/santacasacuritiba.com.br\/eventos\/produto\/ingresso-individual-jantar-de-comemoracao-ao-aniversario-de-143-anos-santa-casa-de-curitiba\/#breadcrumb"},"inLanguage":"pt-BR","potentialAction":[{"@type":"ReadAction","target":["https:\/\/santacasacuritiba.com.br\/eventos\/produto\/ingresso-individual-jantar-de-comemoracao-ao-aniversario-de-143-anos-santa-casa-de-curitiba\/"]}]},{"@type":"ImageObject","inLanguage":"pt-BR","@id":"https:\/\/santacasacuritiba.com.br\/eventos\/produto\/ingresso-individual-jantar-de-comemoracao-ao-aniversario-de-143-anos-santa-casa-de-curitiba\/#primaryimage","url":"https:\/\/santacasacuritiba.com.br\/eventos\/wp-content\/uploads\/2023\/03\/Capa-Eventos-143-anos-III.png","contentUrl":"https:\/\/santacasacuritiba.com.br\/eventos\/wp-content\/uploads\/2023\/03\/Capa-Eventos-143-anos-III.png","width":4006,"height":3008},{"@type":"BreadcrumbList","@id":"https:\/\/santacasacuritiba.com.br\/eventos\/produto\/ingresso-individual-jantar-de-comemoracao-ao-aniversario-de-143-anos-santa-casa-de-curitiba\/#breadcrumb","itemListElement":[{"@type":"ListItem","position":1,"name":"In\u00edcio","item":"https:\/\/santacasacuritiba.com.br\/eventos\/"},{"@type":"ListItem","position":2,"name":"Loja","item":"https:\/\/santacasacuritiba.com.br\/eventos\/loja\/"},{"@type":"ListItem","position":3,"name":"Ingresso Individual &#8211; Jantar de Comemora\u00e7\u00e3o ao Anivers\u00e1rio de 143 Anos &#8211; Santa Casa de Curitiba"}]},{"@type":"WebSite","@id":"https:\/\/santacasacuritiba.com.br\/eventos\/#website","url":"https:\/\/santacasacuritiba.com.br\/eventos\/","name":"Eventos Santa Casa de Curitiba","description":"Apoie a nossa causa!","publisher":{"@id":"https:\/\/santacasacuritiba.com.br\/eventos\/#organization"},"potentialAction":[{"@type":"SearchAction","target":{"@type":"EntryPoint","urlTemplate":"https:\/\/santacasacuritiba.com.br\/eventos\/?s={search_term_string}"},"query-input":{"@type":"PropertyValueSpecification","valueRequired":true,"valueName":"search_term_string"}}],"inLanguage":"pt-BR"},{"@type":"Organization","@id":"https:\/\/santacasacuritiba.com.br\/eventos\/#organization","name":"Eventos Santa Casa de Curitiba","url":"https:\/\/santacasacuritiba.com.br\/eventos\/","logo":{"@type":"ImageObject","inLanguage":"pt-BR","@id":"https:\/\/santacasacuritiba.com.br\/eventos\/#\/schema\/logo\/image\/","url":"https:\/\/santacasacuritiba.com.br\/eventos\/wp-content\/uploads\/2022\/10\/Logo-143-Preto.png","contentUrl":"https:\/\/santacasacuritiba.com.br\/eventos\/wp-content\/uploads\/2022\/10\/Logo-143-Preto.png","width":298,"height":152,"caption":"Eventos Santa Casa de Curitiba"},"image":{"@id":"https:\/\/santacasacuritiba.com.br\/eventos\/#\/schema\/logo\/image\/"},"sameAs":["https:\/\/www.facebook.com\/SantaCasaCuritiba\/","https:\/\/www.instagram.com\/santacasacuritiba\/","https:\/\/goo.gl\/maps\/k8vQjabm9Jo6Vm1P7","https:\/\/www.youtube.com\/channel\/UCwtQ6ktPs8KYim_LGtx9lBA"]}]}},"_links":{"self":[{"href":"https:\/\/santacasacuritiba.com.br\/eventos\/wp-json\/wp\/v2\/product\/6095","targetHints":{"allow":["GET"]}}],"collection":[{"href":"https:\/\/santacasacuritiba.com.br\/eventos\/wp-json\/wp\/v2\/product"}],"about":[{"href":"https:\/\/santacasacuritiba.com.br\/eventos\/wp-json\/wp\/v2\/types\/product"}],"wp:featuredmedia":[{"embeddable":true,"href":"https:\/\/santacasacuritiba.com.br\/eventos\/wp-json\/wp\/v2\/media\/6056"}],"wp:attachment":[{"href":"https:\/\/santacasacuritiba.com.br\/eventos\/wp-json\/wp\/v2\/media?parent=6095"}],"wp:term":[{"taxonomy":"product_brand","embeddable":true,"href":"https:\/\/santacasacuritiba.com.br\/eventos\/wp-json\/wp\/v2\/product_brand?post=6095"},{"taxonomy":"product_cat","embeddable":true,"href":"https:\/\/santacasacuritiba.com.br\/eventos\/wp-json\/wp\/v2\/product_cat?post=6095"},{"taxonomy":"product_tag","embeddable":true,"href":"https:\/\/santacasacuritiba.com.br\/eventos\/wp-json\/wp\/v2\/product_tag?post=6095"}],"curies":[{"name":"wp","href":"https:\/\/api.w.org\/{rel}","templated":true}]}}