{"id":5943,"date":"2022-10-15T03:53:10","date_gmt":"2022-10-15T06:53:10","guid":{"rendered":"https:\/\/santacasacuritiba.com.br\/eventos\/termos-condicoes\/"},"modified":"2025-07-02T12:21:05","modified_gmt":"2025-07-02T15:21:05","slug":"termos-condicoes","status":"publish","type":"page","link":"https:\/\/santacasacuritiba.com.br\/eventos\/termos-condicoes\/","title":{"rendered":"Termos &#038; condi\u00e7\u00f5es"},"content":{"rendered":"\t\t<div data-elementor-type=\"wp-page\" data-elementor-id=\"5943\" class=\"elementor elementor-5943\">\n\t\t\t\t\t\t<section class=\"elementor-section elementor-top-section elementor-element elementor-element-951aef3 elementor-section-full_width elementor-section-height-default elementor-section-height-default\" data-id=\"951aef3\" data-element_type=\"section\" data-settings=\"{&quot;background_background&quot;:&quot;classic&quot;,&quot;shape_divider_bottom&quot;:&quot;waves&quot;}\">\n\t\t\t\t\t\t\t<div class=\"elementor-background-overlay\"><\/div>\n\t\t\t\t\t\t<div class=\"elementor-shape elementor-shape-bottom\" aria-hidden=\"true\" data-negative=\"false\">\n\t\t\t<svg xmlns=\"http:\/\/www.w3.org\/2000\/svg\" viewBox=\"0 0 1000 100\" preserveAspectRatio=\"none\">\n\t<path class=\"elementor-shape-fill\" d=\"M421.9,6.5c22.6-2.5,51.5,0.4,75.5,5.3c23.6,4.9,70.9,23.5,100.5,35.7c75.8,32.2,133.7,44.5,192.6,49.7\n\tc23.6,2.1,48.7,3.5,103.4-2.5c54.7-6,106.2-25.6,106.2-25.6V0H0v30.3c0,0,72,32.6,158.4,30.5c39.2-0.7,92.8-6.7,134-22.4\n\tc21.2-8.1,52.2-18.2,79.7-24.2C399.3,7.9,411.6,7.5,421.9,6.5z\"\/>\n<\/svg>\t\t<\/div>\n\t\t\t\t\t<div class=\"elementor-container elementor-column-gap-default\">\n\t\t\t\t\t<div class=\"elementor-column elementor-col-100 elementor-top-column elementor-element elementor-element-e2b8aa5\" data-id=\"e2b8aa5\" data-element_type=\"column\">\n\t\t\t<div class=\"elementor-widget-wrap elementor-element-populated\">\n\t\t\t\t\t\t<div class=\"elementor-element elementor-element-3e2a4c9 elementor-widget elementor-widget-heading\" data-id=\"3e2a4c9\" data-element_type=\"widget\" data-widget_type=\"heading.default\">\n\t\t\t\t<div class=\"elementor-widget-container\">\n\t\t\t\t\t<h2 class=\"elementor-heading-title elementor-size-default\">Termos &amp; Condi\u00e7\u00f5es<\/h2>\t\t\t\t<\/div>\n\t\t\t\t<\/div>\n\t\t\t\t\t<\/div>\n\t\t<\/div>\n\t\t\t\t\t<\/div>\n\t\t<\/section>\n\t\t\t\t<section class=\"elementor-section elementor-top-section elementor-element elementor-element-795cf7c4 elementor-section-boxed elementor-section-height-default elementor-section-height-default\" data-id=\"795cf7c4\" data-element_type=\"section\">\n\t\t\t\t\t\t<div class=\"elementor-container elementor-column-gap-default\">\n\t\t\t\t\t<div class=\"elementor-column elementor-col-100 elementor-top-column elementor-element elementor-element-2864fbb3\" data-id=\"2864fbb3\" data-element_type=\"column\">\n\t\t\t<div class=\"elementor-widget-wrap elementor-element-populated\">\n\t\t\t\t\t\t<div class=\"elementor-element elementor-element-abd9739 elementor-widget elementor-widget-shortcode\" data-id=\"abd9739\" data-element_type=\"widget\" data-widget_type=\"shortcode.default\">\n\t\t\t\t<div class=\"elementor-widget-container\">\n\t\t\t\t\t\t\t<div class=\"elementor-shortcode\">[cmplz-terms-conditions type=\"terms-conditions\"]<\/div>\n\t\t\t\t\t\t<\/div>\n\t\t\t\t<\/div>\n\t\t\t\t\t<\/div>\n\t\t<\/div>\n\t\t\t\t\t<\/div>\n\t\t<\/section>\n\t\t\t\t<\/div>\n\t\t","protected":false},"excerpt":{"rendered":"<p>Termos &amp; Condi\u00e7\u00f5es [cmplz-terms-conditions type=&#8221;terms-conditions&#8221;]<\/p>\n","protected":false},"author":1,"featured_media":0,"parent":0,"menu_order":0,"comment_status":"closed","ping_status":"closed","template":"elementor_header_footer","meta":{"site-sidebar-layout":"default","site-content-layout":"","ast-site-content-layout":"default","site-content-style":"default","site-sidebar-style":"default","ast-global-header-display":"","ast-banner-title-visibility":"","ast-main-header-display":"","ast-hfb-above-header-display":"","ast-hfb-below-header-display":"","ast-hfb-mobile-header-display":"","site-post-title":"","ast-breadcrumbs-content":"","ast-featured-img":"","footer-sml-layout":"","theme-transparent-header-meta":"","adv-header-id-meta":"","stick-header-meta":"","header-above-stick-meta":"","header-main-stick-meta":"","header-below-stick-meta":"","astra-migrate-meta-layouts":"set","ast-page-background-enabled":"default","ast-page-background-meta":{"desktop":{"background-color":"","background-image":"","background-repeat":"repeat","background-position":"center center","background-size":"auto","background-attachment":"scroll","background-type":"","background-media":"","overlay-type":"","overlay-color":"","overlay-opacity":"","overlay-gradient":""},"tablet":{"background-color":"","background-image":"","background-repeat":"repeat","background-position":"center center","background-size":"auto","background-attachment":"scroll","background-type":"","background-media":"","overlay-type":"","overlay-color":"","overlay-opacity":"","overlay-gradient":""},"mobile":{"background-color":"","background-image":"","background-repeat":"repeat","background-position":"center center","background-size":"auto","background-attachment":"scroll","background-type":"","background-media":"","overlay-type":"","overlay-color":"","overlay-opacity":"","overlay-gradient":""}},"ast-content-background-meta":{"desktop":{"background-color":"var(--ast-global-color-5)","background-image":"","background-repeat":"repeat","background-position":"center center","background-size":"auto","background-attachment":"scroll","background-type":"","background-media":"","overlay-type":"","overlay-color":"","overlay-opacity":"","overlay-gradient":""},"tablet":{"background-color":"var(--ast-global-color-5)","background-image":"","background-repeat":"repeat","background-position":"center center","background-size":"auto","background-attachment":"scroll","background-type":"","background-media":"","overlay-type":"","overlay-color":"","overlay-opacity":"","overlay-gradient":""},"mobile":{"background-color":"var(--ast-global-color-5)","background-image":"","background-repeat":"repeat","background-position":"center center","background-size":"auto","background-attachment":"scroll","background-type":"","background-media":"","overlay-type":"","overlay-color":"","overlay-opacity":"","overlay-gradient":""}},"footnotes":""},"class_list":["post-5943","page","type-page","status-publish","hentry"],"yoast_head":"<!-- This site is optimized with the Yoast SEO plugin v25.4 - https:\/\/yoast.com\/wordpress\/plugins\/seo\/ -->\n<title>Termos &amp; condi\u00e7\u00f5es - Eventos Santa Casa de Curitiba<\/title>\n<meta name=\"description\" content=\"Conhe\u00e7a os Termos e Condi\u00e7\u00f5es de uso do site de Eventos do Hospital Santa Casa de Miseric\u00f3rdia de Curitiba. Entenda as regras de navega\u00e7\u00e3o, seguran\u00e7a e direitos do usu\u00e1rio.\" \/>\n<meta name=\"robots\" content=\"index, follow, max-snippet:-1, max-image-preview:large, max-video-preview:-1\" \/>\n<link rel=\"canonical\" href=\"https:\/\/santacasacuritiba.com.br\/eventos\/termos-condicoes\/\" \/>\n<meta property=\"og:locale\" content=\"pt_BR\" \/>\n<meta property=\"og:type\" content=\"article\" \/>\n<meta property=\"og:title\" content=\"Termos &amp; condi\u00e7\u00f5es - Eventos Santa Casa de Curitiba\" \/>\n<meta property=\"og:description\" content=\"Conhe\u00e7a os Termos e Condi\u00e7\u00f5es de uso do site de Eventos do Hospital Santa Casa de Miseric\u00f3rdia de Curitiba. Entenda as regras de navega\u00e7\u00e3o, seguran\u00e7a e direitos do usu\u00e1rio.\" \/>\n<meta property=\"og:url\" content=\"https:\/\/santacasacuritiba.com.br\/eventos\/termos-condicoes\/\" \/>\n<meta property=\"og:site_name\" content=\"Eventos Santa Casa de Curitiba\" \/>\n<meta property=\"article:publisher\" content=\"https:\/\/www.facebook.com\/SantaCasaCuritiba\/\" \/>\n<meta property=\"article:modified_time\" content=\"2025-07-02T15:21:05+00:00\" \/>\n<meta name=\"twitter:card\" content=\"summary_large_image\" \/>\n<meta name=\"twitter:label1\" content=\"Est. tempo de leitura\" \/>\n\t<meta name=\"twitter:data1\" content=\"1 minuto\" \/>\n<script type=\"application\/ld+json\" class=\"yoast-schema-graph\">{\"@context\":\"https:\/\/schema.org\",\"@graph\":[{\"@type\":\"WebPage\",\"@id\":\"https:\/\/santacasacuritiba.com.br\/eventos\/termos-condicoes\/\",\"url\":\"https:\/\/santacasacuritiba.com.br\/eventos\/termos-condicoes\/\",\"name\":\"Termos & condi\u00e7\u00f5es - Eventos Santa Casa de Curitiba\",\"isPartOf\":{\"@id\":\"https:\/\/santacasacuritiba.com.br\/eventos\/#website\"},\"datePublished\":\"2022-10-15T06:53:10+00:00\",\"dateModified\":\"2025-07-02T15:21:05+00:00\",\"description\":\"Conhe\u00e7a os Termos e Condi\u00e7\u00f5es de uso do site de Eventos do Hospital Santa Casa de Miseric\u00f3rdia de Curitiba. Entenda as regras de navega\u00e7\u00e3o, seguran\u00e7a e direitos do usu\u00e1rio.\",\"breadcrumb\":{\"@id\":\"https:\/\/santacasacuritiba.com.br\/eventos\/termos-condicoes\/#breadcrumb\"},\"inLanguage\":\"pt-BR\",\"potentialAction\":[{\"@type\":\"ReadAction\",\"target\":[\"https:\/\/santacasacuritiba.com.br\/eventos\/termos-condicoes\/\"]}]},{\"@type\":\"BreadcrumbList\",\"@id\":\"https:\/\/santacasacuritiba.com.br\/eventos\/termos-condicoes\/#breadcrumb\",\"itemListElement\":[{\"@type\":\"ListItem\",\"position\":1,\"name\":\"In\u00edcio\",\"item\":\"https:\/\/santacasacuritiba.com.br\/eventos\/\"},{\"@type\":\"ListItem\",\"position\":2,\"name\":\"Termos &#038; condi\u00e7\u00f5es\"}]},{\"@type\":\"WebSite\",\"@id\":\"https:\/\/santacasacuritiba.com.br\/eventos\/#website\",\"url\":\"https:\/\/santacasacuritiba.com.br\/eventos\/\",\"name\":\"Eventos Santa Casa de Curitiba\",\"description\":\"Apoie a nossa causa!\",\"publisher\":{\"@id\":\"https:\/\/santacasacuritiba.com.br\/eventos\/#organization\"},\"potentialAction\":[{\"@type\":\"SearchAction\",\"target\":{\"@type\":\"EntryPoint\",\"urlTemplate\":\"https:\/\/santacasacuritiba.com.br\/eventos\/?s={search_term_string}\"},\"query-input\":{\"@type\":\"PropertyValueSpecification\",\"valueRequired\":true,\"valueName\":\"search_term_string\"}}],\"inLanguage\":\"pt-BR\"},{\"@type\":\"Organization\",\"@id\":\"https:\/\/santacasacuritiba.com.br\/eventos\/#organization\",\"name\":\"Eventos Santa Casa de Curitiba\",\"url\":\"https:\/\/santacasacuritiba.com.br\/eventos\/\",\"logo\":{\"@type\":\"ImageObject\",\"inLanguage\":\"pt-BR\",\"@id\":\"https:\/\/santacasacuritiba.com.br\/eventos\/#\/schema\/logo\/image\/\",\"url\":\"https:\/\/santacasacuritiba.com.br\/eventos\/wp-content\/uploads\/2022\/10\/Logo-143-Preto.png\",\"contentUrl\":\"https:\/\/santacasacuritiba.com.br\/eventos\/wp-content\/uploads\/2022\/10\/Logo-143-Preto.png\",\"width\":298,\"height\":152,\"caption\":\"Eventos Santa Casa de Curitiba\"},\"image\":{\"@id\":\"https:\/\/santacasacuritiba.com.br\/eventos\/#\/schema\/logo\/image\/\"},\"sameAs\":[\"https:\/\/www.facebook.com\/SantaCasaCuritiba\/\",\"https:\/\/www.instagram.com\/santacasacuritiba\/\",\"https:\/\/goo.gl\/maps\/k8vQjabm9Jo6Vm1P7\",\"https:\/\/www.youtube.com\/channel\/UCwtQ6ktPs8KYim_LGtx9lBA\"]}]}<\/script>\n<!-- \/ Yoast SEO plugin. -->","yoast_head_json":{"title":"Termos & condi\u00e7\u00f5es - Eventos Santa Casa de Curitiba","description":"Conhe\u00e7a os Termos e Condi\u00e7\u00f5es de uso do site de Eventos do Hospital Santa Casa de Miseric\u00f3rdia de Curitiba. Entenda as regras de navega\u00e7\u00e3o, seguran\u00e7a e direitos do usu\u00e1rio.","robots":{"index":"index","follow":"follow","max-snippet":"max-snippet:-1","max-image-preview":"max-image-preview:large","max-video-preview":"max-video-preview:-1"},"canonical":"https:\/\/santacasacuritiba.com.br\/eventos\/termos-condicoes\/","og_locale":"pt_BR","og_type":"article","og_title":"Termos & condi\u00e7\u00f5es - Eventos Santa Casa de Curitiba","og_description":"Conhe\u00e7a os Termos e Condi\u00e7\u00f5es de uso do site de Eventos do Hospital Santa Casa de Miseric\u00f3rdia de Curitiba. Entenda as regras de navega\u00e7\u00e3o, seguran\u00e7a e direitos do usu\u00e1rio.","og_url":"https:\/\/santacasacuritiba.com.br\/eventos\/termos-condicoes\/","og_site_name":"Eventos Santa Casa de Curitiba","article_publisher":"https:\/\/www.facebook.com\/SantaCasaCuritiba\/","article_modified_time":"2025-07-02T15:21:05+00:00","twitter_card":"summary_large_image","twitter_misc":{"Est. tempo de leitura":"1 minuto"},"schema":{"@context":"https:\/\/schema.org","@graph":[{"@type":"WebPage","@id":"https:\/\/santacasacuritiba.com.br\/eventos\/termos-condicoes\/","url":"https:\/\/santacasacuritiba.com.br\/eventos\/termos-condicoes\/","name":"Termos & condi\u00e7\u00f5es - Eventos Santa Casa de Curitiba","isPartOf":{"@id":"https:\/\/santacasacuritiba.com.br\/eventos\/#website"},"datePublished":"2022-10-15T06:53:10+00:00","dateModified":"2025-07-02T15:21:05+00:00","description":"Conhe\u00e7a os Termos e Condi\u00e7\u00f5es de uso do site de Eventos do Hospital Santa Casa de Miseric\u00f3rdia de Curitiba. Entenda as regras de navega\u00e7\u00e3o, seguran\u00e7a e direitos do usu\u00e1rio.","breadcrumb":{"@id":"https:\/\/santacasacuritiba.com.br\/eventos\/termos-condicoes\/#breadcrumb"},"inLanguage":"pt-BR","potentialAction":[{"@type":"ReadAction","target":["https:\/\/santacasacuritiba.com.br\/eventos\/termos-condicoes\/"]}]},{"@type":"BreadcrumbList","@id":"https:\/\/santacasacuritiba.com.br\/eventos\/termos-condicoes\/#breadcrumb","itemListElement":[{"@type":"ListItem","position":1,"name":"In\u00edcio","item":"https:\/\/santacasacuritiba.com.br\/eventos\/"},{"@type":"ListItem","position":2,"name":"Termos &#038; condi\u00e7\u00f5es"}]},{"@type":"WebSite","@id":"https:\/\/santacasacuritiba.com.br\/eventos\/#website","url":"https:\/\/santacasacuritiba.com.br\/eventos\/","name":"Eventos Santa Casa de Curitiba","description":"Apoie a nossa causa!","publisher":{"@id":"https:\/\/santacasacuritiba.com.br\/eventos\/#organization"},"potentialAction":[{"@type":"SearchAction","target":{"@type":"EntryPoint","urlTemplate":"https:\/\/santacasacuritiba.com.br\/eventos\/?s={search_term_string}"},"query-input":{"@type":"PropertyValueSpecification","valueRequired":true,"valueName":"search_term_string"}}],"inLanguage":"pt-BR"},{"@type":"Organization","@id":"https:\/\/santacasacuritiba.com.br\/eventos\/#organization","name":"Eventos Santa Casa de Curitiba","url":"https:\/\/santacasacuritiba.com.br\/eventos\/","logo":{"@type":"ImageObject","inLanguage":"pt-BR","@id":"https:\/\/santacasacuritiba.com.br\/eventos\/#\/schema\/logo\/image\/","url":"https:\/\/santacasacuritiba.com.br\/eventos\/wp-content\/uploads\/2022\/10\/Logo-143-Preto.png","contentUrl":"https:\/\/santacasacuritiba.com.br\/eventos\/wp-content\/uploads\/2022\/10\/Logo-143-Preto.png","width":298,"height":152,"caption":"Eventos Santa Casa de Curitiba"},"image":{"@id":"https:\/\/santacasacuritiba.com.br\/eventos\/#\/schema\/logo\/image\/"},"sameAs":["https:\/\/www.facebook.com\/SantaCasaCuritiba\/","https:\/\/www.instagram.com\/santacasacuritiba\/","https:\/\/goo.gl\/maps\/k8vQjabm9Jo6Vm1P7","https:\/\/www.youtube.com\/channel\/UCwtQ6ktPs8KYim_LGtx9lBA"]}]}},"_links":{"self":[{"href":"https:\/\/santacasacuritiba.com.br\/eventos\/wp-json\/wp\/v2\/pages\/5943","targetHints":{"allow":["GET"]}}],"collection":[{"href":"https:\/\/santacasacuritiba.com.br\/eventos\/wp-json\/wp\/v2\/pages"}],"about":[{"href":"https:\/\/santacasacuritiba.com.br\/eventos\/wp-json\/wp\/v2\/types\/page"}],"author":[{"embeddable":true,"href":"https:\/\/santacasacuritiba.com.br\/eventos\/wp-json\/wp\/v2\/users\/1"}],"replies":[{"embeddable":true,"href":"https:\/\/santacasacuritiba.com.br\/eventos\/wp-json\/wp\/v2\/comments?post=5943"}],"version-history":[{"count":5,"href":"https:\/\/santacasacuritiba.com.br\/eventos\/wp-json\/wp\/v2\/pages\/5943\/revisions"}],"predecessor-version":[{"id":6237,"href":"https:\/\/santacasacuritiba.com.br\/eventos\/wp-json\/wp\/v2\/pages\/5943\/revisions\/6237"}],"wp:attachment":[{"href":"https:\/\/santacasacuritiba.com.br\/eventos\/wp-json\/wp\/v2\/media?parent=5943"}],"curies":[{"name":"wp","href":"https:\/\/api.w.org\/{rel}","templated":true}]}}